{"id":31,"date":"2016-11-20T22:38:40","date_gmt":"2016-11-20T22:38:40","guid":{"rendered":"http:\/\/www.pierredewachter.com\/?page_id=31"},"modified":"2019-03-03T16:28:59","modified_gmt":"2019-03-03T16:28:59","slug":"news","status":"publish","type":"page","link":"http:\/\/www.pierredewachter.com\/?page_id=31","title":{"rendered":"News"},"content":{"rendered":"<h3>Visionarium<\/h3>\n<p>Exposition \u00e0 la <strong>Maison de la Culture d&rsquo;Arlon<\/strong><\/p>\n<p>Parc des Expositions 1, 6700 Arlon<\/p>\n<p>Du dimanche <strong>17 mars<\/strong> au vendredi <strong>5 avril<\/strong> 2019<\/p>\n<p>Du mardi au dimanche de <strong>14h \u00e0 18h<\/strong><\/p>\n<p>Retrouvez l&rsquo;\u00e9v\u00e9nement sur <a href=\"https:\/\/www.facebook.com\/events\/593653164415494\/\" target=\"_blank\" rel=\"noopener noreferrer\">facebook<\/a><\/p>\n<p>&nbsp;<\/p>\n<p>&nbsp;<\/p>\n<hr>\n<h3>&nbsp;<\/h3>\n<h3>Foire du Livre \u00e0 Musson<\/h3>\n<p>6 et 7 octobre 2018<\/p>\n<p>de 10h \u00e0 18h<\/p>\n<p>&nbsp;<\/p>\n<p>&nbsp;<\/p>\n<hr>\n<h3>&nbsp;<\/h3>\n<h3>Village de No\u00ebl \u00e0 Marche-en-Famenne<\/h3>\n<p>Exposition en vitrine lors du village de No\u00ebl<\/p>\n<p><strong>Rue des brasseurs 7, 6900 Marche-en-Famenne<\/strong><\/p>\n<p>Du jeudi <strong>7 d\u00e9cembre<\/strong> au dimanche <strong>7 janvier<\/strong> 2017<\/p>\n<p>de <strong>8h \u00e0 23h<\/strong><\/p>\n<p>Retrouvez l&rsquo;\u00e9v\u00e9nement sur <a href=\"https:\/\/www.facebook.com\/events\/1810100149295724\/\" target=\"_blank\" rel=\"noopener noreferrer\">facebook<\/a><\/p>\n<p>&nbsp;<\/p>\n<p>&nbsp;<\/p>\n<hr>\n<h3>&nbsp;<\/h3>\n<h3>Foire du livre \u00e0 Musson<\/h3>\n<p>30 septembre et 1er octobre 2017<\/p>\n<p>de 10h \u00e0 18h<\/p>\n<p>&nbsp;<\/p>\n<p>&nbsp;<\/p>\n<hr>\n<p>&nbsp;<\/p>\n<p>&nbsp;<\/p>\n<h3>Jean-Claude Servais et ses amis<\/h3>\n<p>Exposition collective au <strong>Palais<\/strong> \u00e0 <strong>Arlon<\/strong><\/p>\n<p>Le <strong>samedi 2 septembre 2017<\/strong> de <strong>14h<\/strong> \u00e0 <strong>18h<\/strong><\/p>\n<p>Retrouvez l&rsquo;\u00e9v\u00e9nement sur <a href=\"https:\/\/www.facebook.com\/events\/317208432063678\/?acontext=%7B%22action_history%22%3A[%7B%22mechanism%22%3A%22bookmarks%22%2C%22surface%22%3A%22bookmarks_menu%22%2C%22extra_data%22%3A%22[]%22%7D%2C%7B%22surface%22%3A%22dashboard%22%2C%22mechanism%22%3A%22calendar_tab_event%22%2C%22extra_data%22%3A%22[]%22%7D]%2C%22ref%22%3A46%2C%22source%22%3A2%7D\" target=\"_blank\" rel=\"noopener noreferrer\">facebook<\/a><\/p>\n<p>&nbsp;<\/p>\n<p>&nbsp;<\/p>\n<hr>\n<h3>&nbsp;<\/h3>\n<h3><em>\u00ab\u00a0La Rue et Toi\u00a0\u00bb<\/em> \u00e0 Ruette<\/h3>\n<h3>D\u00e9monstration d&rsquo;art num\u00e9rique en partenariat avec Jid\u00e9 Lius et M\u00e9diarts<\/h3>\n<p>Du <strong>12 ao\u00fbt<\/strong> au <strong>15 ao\u00fbt<\/strong> 2017<\/p>\n<p>Retrouvez l&rsquo;\u00e9v\u00e9nement sur <a href=\"https:\/\/www.facebook.com\/events\/603106736555894\/?acontext=%7B%22action_history%22%3A%22[%7B%5C%22surface%5C%22%3A%5C%22page%5C%22%2C%5C%22mechanism%5C%22%3A%5C%22page_upcoming_events_card%5C%22%2C%5C%22extra_data%5C%22%3A[]%7D]%22%2C%22has_source%22%3Atrue%7D\" target=\"_blank\" rel=\"noopener noreferrer\">facebook.<\/a><\/p>\n<p>&nbsp;<\/p>\n<p>&nbsp;<\/p>\n<hr>\n<h3>&nbsp;<\/h3>\n<h3>Exposition \u00e0 la maison de la La\u00efcit\u00e9 d&rsquo;Arlon<\/h3>\n<p>du <strong>26 novembre<\/strong> au <strong>16 d\u00e9cembre <\/strong>2016<strong><br \/>\n<\/strong><\/p>\n<p>Horaire :<\/p>\n<p>Du lundi au vendredi de 13h30 \u00e0 17h30<\/p>\n<p>Le jeudi de 8h30 \u00e0 12h et de 13h30 \u00e0 17h30<\/p>\n<p>&nbsp;<\/p>\n<p>&nbsp;<\/p>\n<hr>\n<p>&nbsp;<\/p>\n","protected":false},"excerpt":{"rendered":"<p>Visionarium Exposition \u00e0 la Maison de la Culture d&rsquo;Arlon Parc des Expositions 1, 6700 Arlon Du dimanche 17 mars au vendredi 5 avril 2019 Du mardi au dimanche de 14h \u00e0 18h Retrouvez l&rsquo;\u00e9v\u00e9nement sur facebook &nbsp; &nbsp; &nbsp; Foire du Livre \u00e0 Musson 6 et 7 octobre 2018 de 10h \u00e0 18h &nbsp; &nbsp; &hellip; <\/p>\n<p class=\"link-more\"><a href=\"http:\/\/www.pierredewachter.com\/?page_id=31\" class=\"more-link\">Read More<span class=\"screen-reader-text\"> \u00ab\u00a0News\u00a0\u00bb<\/span><\/a><\/p>\n","protected":false},"author":1,"featured_media":0,"parent":0,"menu_order":0,"comment_status":"closed","ping_status":"closed","template":"","meta":{"ngg_post_thumbnail":0,"footnotes":""},"class_list":["post-31","page","type-page","status-publish","hentry"],"_links":{"self":[{"href":"http:\/\/www.pierredewachter.com\/index.php?rest_route=\/wp\/v2\/pages\/31","targetHints":{"allow":["GET"]}}],"collection":[{"href":"http:\/\/www.pierredewachter.com\/index.php?rest_route=\/wp\/v2\/pages"}],"about":[{"href":"http:\/\/www.pierredewachter.com\/index.php?rest_route=\/wp\/v2\/types\/page"}],"author":[{"embeddable":true,"href":"http:\/\/www.pierredewachter.com\/index.php?rest_route=\/wp\/v2\/users\/1"}],"replies":[{"embeddable":true,"href":"http:\/\/www.pierredewachter.com\/index.php?rest_route=%2Fwp%2Fv2%2Fcomments&post=31"}],"version-history":[{"count":11,"href":"http:\/\/www.pierredewachter.com\/index.php?rest_route=\/wp\/v2\/pages\/31\/revisions"}],"predecessor-version":[{"id":336,"href":"http:\/\/www.pierredewachter.com\/index.php?rest_route=\/wp\/v2\/pages\/31\/revisions\/336"}],"wp:attachment":[{"href":"http:\/\/www.pierredewachter.com\/index.php?rest_route=%2Fwp%2Fv2%2Fmedia&parent=31"}],"curies":[{"name":"wp","href":"https:\/\/api.w.org\/{rel}","templated":true}]}}